{"id":3,"date":"2025-05-08T09:43:16","date_gmt":"2025-05-08T09:43:16","guid":{"rendered":"https:\/\/sentioworld.com\/?page_id=3"},"modified":"2026-01-19T11:31:37","modified_gmt":"2026-01-19T11:31:37","slug":"privacy-policy","status":"publish","type":"page","link":"https:\/\/sentioworld.com\/index.php\/privacy-policy\/","title":{"rendered":"Privacy Policy"},"content":{"rendered":"<div data-colibri-id=\"3-c1\" class=\"style-512 style-local-3-c1 position-relative\">\n  <!---->\n  <div data-colibri-component=\"section\" data-colibri-id=\"3-c2\" id=\"custom\" class=\"h-section h-section-global-spacing d-flex align-items-lg-center align-items-md-center align-items-center style-517 style-local-3-c2 position-relative\">\n    <div class=\"background-wrapper\">\n      <div class=\"background-layer background-layer-media-container-lg\">\n        <!---->\n        <div class=\"overlay-layer\">\n          <div class=\"overlay-image-layer\" style=\"background-color: rgb(0, 0, 0); opacity: 0.5;\"><\/div>\n        <\/div>\n      <\/div>\n      <div class=\"background-layer background-layer-media-container-md\">\n        <!---->\n        <div class=\"overlay-layer\">\n          <div class=\"overlay-image-layer\" style=\"background-color: rgb(0, 0, 0); opacity: 0.5;\"><\/div>\n        <\/div>\n      <\/div>\n      <div class=\"background-layer background-layer-media-container\">\n        <!---->\n        <div class=\"overlay-layer\">\n          <div class=\"overlay-image-layer\" style=\"background-color: rgb(0, 0, 0); opacity: 0.5;\"><\/div>\n        <\/div>\n      <\/div>\n    <\/div>\n    <!---->\n    <div class=\"h-section-grid-container h-section-boxed-container\">\n      <!---->\n      <div data-colibri-id=\"3-c3\" class=\"h-row-container gutters-row-lg-2 gutters-row-md-2 gutters-row-0 gutters-row-v-lg-2 gutters-row-v-md-2 gutters-row-v-2 style-518 style-local-3-c3 position-relative\">\n        <!---->\n        <div class=\"h-row justify-content-lg-center justify-content-md-center justify-content-center align-items-lg-stretch align-items-md-stretch align-items-stretch gutters-col-lg-2 gutters-col-md-2 gutters-col-0 gutters-col-v-lg-2 gutters-col-v-md-2 gutters-col-v-2\">\n          <!---->\n          <div class=\"h-column h-column-container d-flex h-col-lg-auto h-col-md-auto h-col-auto style-519-outer style-local-3-c4-outer\">\n            <div data-colibri-id=\"3-c4\" class=\"d-flex h-flex-basis h-column__inner h-px-lg-2 h-px-md-2 h-px-2 v-inner-lg-2 v-inner-md-2 v-inner-2 style-519 style-local-3-c4 position-relative\">\n              <!---->\n              <!---->\n              <div class=\"w-100 h-y-container h-column__content h-column__v-align flex-basis-100 align-self-lg-start align-self-md-start align-self-start\">\n                <!---->\n                <div data-colibri-id=\"3-c5\" class=\"h-text h-text-component style-523 style-local-3-c5 position-relative h-element\">\n                  <!---->\n                  <!---->\n                  <div class=\"\">\n                    <p><span style=\"color: rgb(255, 255, 255);\">Datenschutzerkl\u00e4rung<\/span><\/p>\n                    <p><span style=\"color: rgb(255, 255, 255);\">1. Allgemeines<\/span><\/p>\n                    <p><span style=\"color: rgb(255, 255, 255);\">Der Schutz Ihrer personenbezogenen Daten ist uns, der CM Projekt &amp; Licht GmbH, <br>Unternehmerzentrum 21, A-6073 Sistrans, \u00d6sterreich, <br>besonders wichtig. Wir verarbeiten Ihre Daten daher ausschlie\u00dflich <br>auf Grundlage der gesetzlichen Bestimmungen (DSGVO, TKG 2003).<\/span><\/p>\n                    <p><span style=\"color: rgb(255, 255, 255);\">2. Verantwortliche Stelle<\/span><\/p>\n                    <p><span style=\"color: rgb(255, 255, 255);\">CM Projekt &amp; Licht GmbH<br>Unternehmerzentrum 21<br>A-6073 Sistrans<br>\u00d6sterreich<br>Telefon: +43 512 34 82 00<br>E-Mail: office@cm-licht.com<\/span><\/p>\n                    <p><span style=\"color: rgb(255, 255, 255);\">Vertreten durch:<br>DI (FH) Carolin Muss, MLL<\/span><\/p>\n                    <p><span style=\"color: rgb(255, 255, 255);\">3. Umfang der Datenverarbeitung<\/span><\/p>\n                    <p><span style=\"color: rgb(255, 255, 255);\">Wir verarbeiten personenbezogene Daten, die Sie uns freiwillig zur Verf\u00fcgung stellen <br>(z.B. durch E-Mail, Kontaktformular oder telefonische Anfrage), <br>wie beispielsweise Name, Adresse, E-Mail-Adresse, Telefonnummer oder projektspezifische Informationen.<\/span><\/p>\n                    <p><span style=\"color: rgb(255, 255, 255);\">4. Zweck der Datenverarbeitung<\/span><\/p>\n                    <p><span style=\"color: rgb(255, 255, 255);\">Wir verwenden Ihre personenbezogenen Daten ausschlie\u00dflich zur Beantwortung Ihrer Anfragen, <br>zur Vertragserf\u00fcllung und -Abwicklung, zur Bearbeitung von Auftr\u00e4gen, <br>zur technischen Administration sowie zur Pflege der Gesch\u00e4ftsbeziehungen.<\/span><\/p>\n                    <p><span style=\"color: rgb(255, 255, 255);\">5. Rechtsgrundlage der Verarbeitung<\/span><\/p>\n                    <p><span style=\"color: rgb(255, 255, 255);\">Die Datenverarbeitung erfolgt auf Basis der gesetzlichen Bestimmungen <br>des Art. 6 DSGVO (Einwilligung, Vertragserf\u00fcllung, <br>rechtliche Verpflichtungen, berechtigtes Interesse).<\/span><\/p>\n                    <p><span style=\"color: rgb(255, 255, 255);\">6. \u00dcbermittlung an Dritte<\/span><\/p>\n                    <p><span style=\"color: rgb(255, 255, 255);\">Eine Weitergabe Ihrer personenbezogenen Daten an Dritte erfolgt ausschlie\u00dflich <br>im Rahmen der gesetzlichen Vorgaben und nur, wenn dies zur Vertragsabwicklung erforderlich ist, <br>oder wenn Sie ausdr\u00fccklich zugestimmt haben. Dies kann insbesondere die <br>Weitergabe an externe Dienstleister (z.B. Lieferanten oder externe Berater) betreffen.<\/span><\/p>\n                    <p><span style=\"color: rgb(255, 255, 255);\">7. Webanalyse und Cookies<\/span><\/p>\n                    <p><span style=\"color: rgb(255, 255, 255);\">Unsere Website verwendet Cookies, um Ihnen ein nutzerfreundliches Angebot zu bieten. <br>Cookies sind kleine Textdateien, die mit Hilfe des Browsers auf Ihrem Endger\u00e4t gespeichert werden. <br>Sie k\u00f6nnen Ihren Browser so einrichten, dass er Sie \u00fcber das Setzen von Cookies informiert und Sie dies nur im Einzelfall erlauben. Die Deaktivierung von Cookies kann die Funktionalit\u00e4t unserer Website einschr\u00e4nken.<\/span><\/p>\n                    <p><span style=\"color: rgb(255, 255, 255);\">8. Datenaufbewahrung<\/span><\/p>\n                    <p><span style=\"color: rgb(255, 255, 255);\">Wir speichern Ihre personenbezogenen Daten nur so lange, wie es zur Erf\u00fcllung der Zwecke, <br>f\u00fcr die sie erhoben wurden, erforderlich ist, sowie gem\u00e4\u00df gesetzlichen Aufbewahrungspflichten.<\/span><\/p>\n                    <p><span style=\"color: rgb(255, 255, 255);\">9. Ihre Rechte<\/span><\/p>\n                    <p><span style=\"color: rgb(255, 255, 255);\">Sie haben jederzeit das Recht auf Auskunft, Berichtigung, L\u00f6schung oder Einschr\u00e4nkung <br>der Verarbeitung Ihrer gespeicherten Daten, ein Widerspruchsrecht gegen die Verarbeitung sowie <br>das Recht auf Daten\u00fcbertragbarkeit gem\u00e4\u00df den Vorgaben der DSGVO.<\/span><\/p>\n                    <p><span style=\"color: rgb(255, 255, 255);\">Zur Aus\u00fcbung dieser Rechte kontaktieren Sie uns bitte unter [office@cm-licht.at].<\/span><\/p>\n                    <p><span style=\"color: rgb(255, 255, 255);\">10. Datensicherheit<\/span><\/p>\n                    <p><span style=\"color: rgb(255, 255, 255);\">Wir treffen technische und organisatorische Sicherheitsma\u00dfnahmen, um Ihre personenbezogenen Daten gegen Verlust, <br>Manipulation und unbefugten Zugriff zu sch\u00fctzen. Unsere Sicherheitsma\u00dfnahmen <br>werden entsprechend der technologischen Entwicklung fortlaufend verbessert.<\/span><\/p>\n                    <p><span style=\"color: rgb(255, 255, 255);\">11. Externe Links<\/span><\/p>\n                    <p><span style=\"color: rgb(255, 255, 255);\">Unsere Website enth\u00e4lt Links zu Websites Dritter. F\u00fcr die Einhaltung datenschutzrechtlicher <br>Vorschriften auf diesen fremden Websites \u00fcbernehmen wir keine Verantwortung. <br>Bitte beachten Sie die Datenschutzerkl\u00e4rungen der jeweiligen Anbieter.<\/span><\/p>\n                    <p><span style=\"color: rgb(255, 255, 255);\">12. Beschwerderecht<\/span><\/p>\n                    <p><span style=\"color: rgb(255, 255, 255);\">Sollten Sie der Auffassung sein, dass die Verarbeitung Ihrer Daten gegen das Datenschutzrecht<br> verst\u00f6\u00dft oder Ihre datenschutzrechtlichen Anspr\u00fcche anderweitig verletzt wurden, <br>k\u00f6nnen Sie sich bei der \u00f6sterreichischen Datenschutzbeh\u00f6rde beschweren:<\/span><\/p>\n                    <p><span style=\"color: rgb(255, 255, 255);\">\u00d6sterreichische Datenschutzbeh\u00f6rde<br>Barichgasse 40\u201342<br>1030 Wien<br>www.dsb.gv.at<\/span><\/p>\n                    <p><span style=\"color: rgb(255, 255, 255);\">13. \u00c4nderung der Datenschutzerkl\u00e4rung<\/span><\/p>\n                    <p><span style=\"color: rgb(255, 255, 255);\">Wir behalten uns das Recht vor, diese Datenschutzerkl\u00e4rung zu aktualisieren, <br>um sie an ge\u00e4nderte Rechtslagen oder bei \u00c4nderungen unserer Dienstleistungen anzupassen. <br>Es gilt jeweils die aktuell auf dieser Website ver\u00f6ffentlichte Fassung.<\/span><\/p>\n                    <p><span style=\"color: rgb(255, 255, 255);\">Stand der Datenschutzerkl\u00e4rung: 17. Januar 2026<\/span><\/p>\n                  <\/div>\n                <\/div>\n              <\/div>\n            <\/div>\n          <\/div>\n        <\/div>\n      <\/div>\n    <\/div>\n  <\/div>\n<\/div>","protected":false},"excerpt":{"rendered":"<p>Datenschutzerkl\u00e4rung 1. Allgemeines Der Schutz Ihrer personenbezogenen Daten ist uns, der CM Projekt [&hellip;]<\/p>\n","protected":false},"author":1,"featured_media":0,"parent":0,"menu_order":0,"comment_status":"closed","ping_status":"closed","template":"page-templates\/full-width-page.php","meta":{"footnotes":""},"class_list":["post-3","page","type-page","status-publish","hentry"],"_links":{"self":[{"href":"https:\/\/sentioworld.com\/index.php\/wp-json\/wp\/v2\/pages\/3","targetHints":{"allow":["GET"]}}],"collection":[{"href":"https:\/\/sentioworld.com\/index.php\/wp-json\/wp\/v2\/pages"}],"about":[{"href":"https:\/\/sentioworld.com\/index.php\/wp-json\/wp\/v2\/types\/page"}],"author":[{"embeddable":true,"href":"https:\/\/sentioworld.com\/index.php\/wp-json\/wp\/v2\/users\/1"}],"replies":[{"embeddable":true,"href":"https:\/\/sentioworld.com\/index.php\/wp-json\/wp\/v2\/comments?post=3"}],"version-history":[{"count":3,"href":"https:\/\/sentioworld.com\/index.php\/wp-json\/wp\/v2\/pages\/3\/revisions"}],"predecessor-version":[{"id":1029,"href":"https:\/\/sentioworld.com\/index.php\/wp-json\/wp\/v2\/pages\/3\/revisions\/1029"}],"wp:attachment":[{"href":"https:\/\/sentioworld.com\/index.php\/wp-json\/wp\/v2\/media?parent=3"}],"curies":[{"name":"wp","href":"https:\/\/api.w.org\/{rel}","templated":true}]}}